{"id":1259,"date":"2023-06-11T07:11:11","date_gmt":"2023-06-11T07:11:11","guid":{"rendered":"https:\/\/www.newlong.nl\/politique-de-confidentialite-newlong-holland-b-v\/"},"modified":"2024-03-12T10:42:41","modified_gmt":"2024-03-12T10:42:41","slug":"politique-de-confidentialite-newlong-holland-b-v","status":"publish","type":"page","link":"https:\/\/www.newlong.nl\/fr\/politique-de-confidentialite-newlong-holland-b-v\/","title":{"rendered":"Politique de confidentialit\u00e9 | Newlong Holland B.V."},"content":{"rendered":"\n<p>En utilisant notre site web, nous recevons certaines donn\u00e9es de la part des utilisateurs. Il est important pour nous de traiter vos donn\u00e9es personnelles avec soin. Par le biais de cette d\u00e9claration de confidentialit\u00e9, nous souhaitons vous informer le mieux possible sur les donn\u00e9es que nous collectons aupr\u00e8s de vous, sur la mani\u00e8re dont vos donn\u00e9es sont collect\u00e9es et sur la finalit\u00e9 du traitement de ces donn\u00e9es.<\/p>\n\n\n\n<p><strong>D\u00e9finitions<\/strong><\/p>\n\n\n\n<p>D\u00e9claration de confidentialit\u00e9 : cette d\u00e9claration de confidentialit\u00e9 ;<\/p>\n\n\n\n<p>Utilisateur : tout utilisateur du site web ;<\/p>\n\n\n\n<p>Responsable : Newlong Holland B.V., Capronilaan 10, 1119 NR Schiphol-Rijk, Pays-Bas. Email: sales@newlong.nl. T\u00e9l\u00e9phone: +31-(0)20-653-2350 Website: https:\/\/www.newlong.nl\/<\/p>\n\n\n\n<p><strong>Donn\u00e9es personnelles<\/strong><\/p>\n\n\n\n<p>Les donn\u00e9es telles que votre nom, votre adresse \u00e9lectronique, votre num\u00e9ro de t\u00e9l\u00e9phone et d&rsquo;autres informations suppl\u00e9mentaires que vous nous fournissez sont collect\u00e9es par nous lorsque vous utilisez nos services ou que vous nous contactez. D&rsquo;autres sources nous fournissent \u00e9galement des informations qui peuvent ensuite \u00eatre combin\u00e9es avec les donn\u00e9es dont nous disposons d\u00e9j\u00e0 \u00e0 votre sujet. Cela nous permet d&rsquo;am\u00e9liorer la pr\u00e9cision et l&rsquo;exhaustivit\u00e9 des donn\u00e9es. Cela comprend \u00e9galement les informations collect\u00e9es en relation avec votre utilisation de notre (nos) site(s) Internet. Les cookies sont l&rsquo;une des techniques utilis\u00e9es \u00e0 cet effet. Ces donn\u00e9es sont collect\u00e9es \u00e0 des fins diverses. Ces objectifs sont les suivants :<\/p>\n\n\n\n<p>Nous pouvons vous identifier correctement en tant que personne et vous adresser correctement par votre nom ;<\/p>\n\n\n\n<p>Nous pouvons traiter et r\u00e9pondre \u00e0 vos questions ;<\/p>\n\n\n\n<p>Nous pouvons ex\u00e9cuter l&rsquo;accord que nous avons conclu avec vous ;<\/p>\n\n\n\n<p>En cas de questions ou de plaintes, nous pouvons vous en faire part ;<\/p>\n\n\n\n<p>Nous pouvons analyser les statistiques concernant l&rsquo;utilisation de notre site web ;<\/p>\n\n\n\n<p>Am\u00e9liorer la convivialit\u00e9 de notre site web ;<\/p>\n\n\n\n<p>Nous pouvons traiter une \u00e9ventuelle demande d&#8217;emploi.<\/p>\n\n\n\n<p><strong>1 G\u00e9n\u00e9ralit\u00e9s<\/strong><\/p>\n\n\n\n<p>1.1 Cette d\u00e9claration de confidentialit\u00e9 d\u00e9crit la mani\u00e8re dont Newlong Holland B.V. traite les donn\u00e9es personnelles de ses utilisateurs.<\/p>\n\n\n\n<p>1.2 Les donn\u00e9es personnelles trait\u00e9es par Newlong Holland B.V. sont le nom, l&rsquo;adresse (\u00e9lectronique), le num\u00e9ro de t\u00e9l\u00e9phone et \u00e9ventuellement d&rsquo;autres donn\u00e9es que l&rsquo;utilisateur envoie \u00e0 Newlong Holland B.V. (par exemple dans la partie textuelle de notre formulaire de contact).<\/p>\n\n\n\n<p><strong>2 Collecte et utilisation des donn\u00e9es \u00e0 caract\u00e8re personnel<\/strong><\/p>\n\n\n\n<p>2.1 Newlong Holland B.V. recueille les donn\u00e9es personnelles d&rsquo;un utilisateur lorsque l&rsquo;utilisateur a transmis ces donn\u00e9es personnelles au responsable via le site Internet [par exemple en prenant contact avec une demande d&rsquo;informations sur les services ou produits de Newlong Holland B.V. et\/ou en passant une commande aupr\u00e8s de Newlong Holland B.V.].<\/p>\n\n\n\n<p>2.2 Newlong Holland B.V. utilise ces donn\u00e9es personnelles dans le but pour lequel l&rsquo;Utilisateur a fourni les donn\u00e9es personnelles \u00e0 Newlong Holland B.V. :<\/p>\n\n\n\n<p>2.2.1 Si l&rsquo;utilisateur demande des informations sur les services et les produits, Newlong Holland B.V. traite les donn\u00e9es personnelles pour r\u00e9pondre \u00e0 cette demande. Dans ce cas, nous utilisons vos donn\u00e9es pour pouvoir vous envoyer un courrier \u00e9lectronique et\/ou vous rappeler.<\/p>\n\n\n\n<p>2.3 Nous utilisons le service de g\u00e9n\u00e9ration de leads de Leadinfo B.V., Rotterdam, Pays-Bas. L&rsquo;outil reconna\u00eet les visites d&rsquo;entreprises sur notre site Web sur la base des adresses IP et nous montre des informations accessibles au public, telles que les noms ou adresses des entreprises. De plus, Leadinfo place deux cookies de premi\u00e8re partie pour \u00e9valuer le comportement des utilisateurs sur notre site Web et traite les domaines des entr\u00e9es de formulaire (par exemple \u00ab Leadinfo.com \u00bb) pour corr\u00e9ler les adresses IP avec les entreprises et am\u00e9liorer les services. Plus d\u2019informations sont disponibles sur www.leadinfo.com. Sur cette page\u00a0: https:\/\/www.leadinfo.com\/en\/opt-out, vous disposez d&rsquo;une option de d\u00e9sinscription. Si vous vous d\u00e9sabonnez, vos donn\u00e9es ne seront plus enregistr\u00e9es par Leadinfo.<\/p>\n\n\n\n<p><strong>3 Transfert \u00e0 des tiers<\/strong><\/p>\n\n\n\n<p>3.1 Newlong Holland B.V. ne transmettra pas les donn\u00e9es personnelles de ses utilisateurs \u00e0 des tiers, \u00e0 moins que :<\/p>\n\n\n\n<p>3.1.1 Le transfert a lieu vers un partenaire pour un ou plusieurs services ou produits inclus dans cette d\u00e9claration de confidentialit\u00e9 de Newlong Holland B.V.. Newlong Holland B.V. a conclu un accord avec ces partenaires qui garantit que le responsable du traitement (notre (nos) partenaire(s)) offre des garanties suffisantes qu&rsquo;il a pris des mesures de s\u00e9curit\u00e9 techniques et organisationnelles suffisantes ; ou<\/p>\n\n\n\n<p>3.1.2 Newlong Holland B.V. est l\u00e9galement tenu de transmettre les donn\u00e9es personnelles aux autorit\u00e9s comp\u00e9tentes.<\/p>\n\n\n\n<p><strong>4 Cookies<\/strong><\/p>\n\n\n\n<p>4.1 Newlong Holland B.V. utilise des cookies pour optimiser la fonctionnalit\u00e9 de certaines pages du site web. Les cookies sont de petits fichiers texte qui sont plac\u00e9s par une page du site web sur l&rsquo;ordinateur du visiteur. Dans un tel cookie, des informations sont stock\u00e9es, par exemple vos pr\u00e9f\u00e9rences en tant que visiteur. Cela nous permet de mieux vous servir lors de votre prochaine visite.<\/p>\n\n\n\n<p>4.2 Le visiteur peut d\u00e9cider lui-m\u00eame comment traiter les cookies. Il peut configurer son navigateur de mani\u00e8re \u00e0 autoriser l&rsquo;utilisation de cookies, \u00e0 ne pas l&rsquo;autoriser ou \u00e0 l&rsquo;autoriser partiellement. Dans ce dernier cas, il est possible de param\u00e9trer les sites web qui peuvent placer des cookies. Tous les autres sites web sont alors interdits. La plupart des navigateurs modernes offrent cette possibilit\u00e9.<\/p>\n\n\n\n<p>4.3 Les cookies peuvent toujours \u00eatre supprim\u00e9s d&rsquo;un ordinateur, y compris via le navigateur.<\/p>\n\n\n\n<p><strong>5 Modification\/suppression des donn\u00e9es \u00e0 caract\u00e8re personnel<\/strong><\/p>\n\n\n\n<p>5.1 L&rsquo;utilisateur a le droit de consulter, de corriger, de compl\u00e9ter, de supprimer et de prot\u00e9ger ses donn\u00e9es personnelles. Ceci est conforme \u00e0 ce qui est stipul\u00e9 dans la loi sur la protection des donn\u00e9es personnelles.<\/p>\n\n\n\n<p>5.2 Si l&rsquo;utilisateur souhaite faire usage de l&rsquo;un de ces droits, ou si l&rsquo;utilisateur a des questions concernant cette d\u00e9claration de confidentialit\u00e9, l&rsquo;utilisateur peut contacter Newlong Holland B.V. \u00e0 sales@Newlong Holland B.V..nl ou \u00e0 l&rsquo;adresse postale Capronilaan 10, 1119 NR Schiphol-Rijk, Pays-Bas.<\/p>\n\n\n\n<p><strong>6 P\u00e9riode de conservation<\/strong><\/p>\n\n\n\n<p>6.1 Newlong Holland B.V. conserve les donn\u00e9es \u00e0 caract\u00e8re personnel pendant la p\u00e9riode au cours de laquelle elle les juge pertinentes dans le cadre de ses services, \u00e0 moins qu&rsquo;elle ne soit l\u00e9galement oblig\u00e9e de conserver les donn\u00e9es \u00e0 caract\u00e8re personnel pendant une p\u00e9riode plus longue.<\/p>\n\n\n\n<p><strong>7 S\u00e9curit\u00e9<\/strong><\/p>\n\n\n\n<p>7.1 Newlong Holland B.V. a pris des mesures techniques et organisationnelles appropri\u00e9es pour prot\u00e9ger les donn\u00e9es personnelles des utilisateurs contre la perte ou le traitement ill\u00e9gal. L&rsquo;une de ces mesures est la s\u00e9curit\u00e9 SSL sur son site web.<\/p>\n\n\n\n<p><strong>8 Modifications de la d\u00e9claration de confidentialit\u00e9<\/strong><\/p>\n\n\n\n<p>8.1 Newlong Holland B.V. se r\u00e9serve le droit de modifier cette d\u00e9claration de confidentialit\u00e9 si n\u00e9cessaire. Toutes les modifications seront annonc\u00e9es sur cette page, en bas. Nous vous conseillons donc, en tant qu&rsquo;utilisateur, de garder un \u0153il sur cette page pour toute modification. <\/p>\n\n\n\n<p>Derni\u00e8re mise \u00e0 jour : 30 septembre 2023<\/p>\n","protected":false},"excerpt":{"rendered":"<p>En utilisant notre site web, nous recevons certaines donn\u00e9es de la part des utilisateurs. Il est important pour nous de traiter vos donn\u00e9es personnelles avec soin. Par le biais de cette d\u00e9claration de confidentialit\u00e9, nous souhaitons vous informer le mieux possible sur les donn\u00e9es que nous collectons aupr\u00e8s de vous, sur la mani\u00e8re dont vos [&hellip;]<\/p>\n","protected":false},"author":1,"featured_media":0,"parent":0,"menu_order":0,"comment_status":"closed","ping_status":"open","template":"","meta":{"footnotes":""},"class_list":["post-1259","page","type-page","status-publish","hentry"],"_links":{"self":[{"href":"https:\/\/www.newlong.nl\/fr\/wp-json\/wp\/v2\/pages\/1259","targetHints":{"allow":["GET"]}}],"collection":[{"href":"https:\/\/www.newlong.nl\/fr\/wp-json\/wp\/v2\/pages"}],"about":[{"href":"https:\/\/www.newlong.nl\/fr\/wp-json\/wp\/v2\/types\/page"}],"author":[{"embeddable":true,"href":"https:\/\/www.newlong.nl\/fr\/wp-json\/wp\/v2\/users\/1"}],"replies":[{"embeddable":true,"href":"https:\/\/www.newlong.nl\/fr\/wp-json\/wp\/v2\/comments?post=1259"}],"version-history":[{"count":0,"href":"https:\/\/www.newlong.nl\/fr\/wp-json\/wp\/v2\/pages\/1259\/revisions"}],"wp:attachment":[{"href":"https:\/\/www.newlong.nl\/fr\/wp-json\/wp\/v2\/media?parent=1259"}],"curies":[{"name":"wp","href":"https:\/\/api.w.org\/{rel}","templated":true}]}}