{"id":1257,"date":"2023-10-02T08:18:29","date_gmt":"2023-10-02T08:18:29","guid":{"rendered":"https:\/\/www.newlong.nl\/conditions-generales-de-newlong-holland-b-v\/"},"modified":"2023-11-29T03:26:22","modified_gmt":"2023-11-29T03:26:22","slug":"conditions-generales-de-newlong-holland-b-v","status":"publish","type":"page","link":"https:\/\/www.newlong.nl\/fr\/conditions-generales-de-newlong-holland-b-v\/","title":{"rendered":"Conditions g\u00e9n\u00e9rales de Newlong Holland B.V."},"content":{"rendered":"\n<p><strong>Introduction<\/strong><\/p>\n\n<p>Bienvenue chez Newlong Holland B.V., votre interlocuteur unique pour les machines \u00e0 coudre industrielles, les machines \u00e0 sceller les sacs, les machines d&#8217;emballage et les machines pour la fabrication de sacs en papier. Les pr\u00e9sentes conditions g\u00e9n\u00e9rales s&rsquo;appliquent \u00e0 toutes les transactions et interactions que vous avez avec nous, que ce soit en ligne ou hors ligne.<\/p>\n\n<p><strong>D\u00e9finitions<\/strong><\/p>\n\n<p>Entreprise : Newlong Holland B.V.<\/p>\n\n<p>Client : Toute personne ou entit\u00e9 achetant ou souhaitant acheter des biens et des services \u00e0 l&rsquo;entreprise.<\/p>\n\n<p>Website: https:\/\/www.newlong.nl\/<\/p>\n\n<p>Produits : Tout produit vendu par Newlong Holland B.V.<\/p>\n\n<p>Services : Tous les services offerts par Newlong Holland B.V.<\/p>\n\n<p><strong>Information de contact<\/strong><\/p>\n\n<p>Si\u00e8ge social : Capronilaan 10, 1119 NR Schiphol-Rijk<\/p>\n\n<p>KVK Number: 34066247<\/p>\n\n<p>T\u00e9l\u00e9phone: +31-(0)20-653-2350<\/p>\n\n<p>Email: sales@newlong.nl<\/p>\n\n<p><strong>Offre et accord<\/strong><\/p>\n\n<p>Toutes les offres sont sans engagement, sauf si un d\u00e9lai d&rsquo;acceptation est indiqu\u00e9 dans l&rsquo;offre.<\/p>\n\n<p>Un contrat entre en vigueur lorsque Newlong Holland B.V. confirme la commande du client.<\/p>\n\n<p>Conditions de facturation : variables, sous r\u00e9serve d&rsquo;accord pr\u00e9alable<\/p>\n\n<p><strong>Prix et paiements<\/strong><\/p>\n\n<p>Tous les prix s&rsquo;entendent hors TVA et autres pr\u00e9l\u00e8vements publics.<\/p>\n\n<p>Les paiements sont dus dans un d\u00e9lai de 14 jours \u00e0 compter de la date de facturation, sauf accord \u00e9crit contraire.<\/p>\n\n<p><strong>Livraison et ex\u00e9cution<\/strong><\/p>\n\n<p>Les d\u00e9lais de livraison indiqu\u00e9s par la soci\u00e9t\u00e9 sont indicatifs.<\/p>\n\n<p><strong>Retours et annulation<\/strong><\/p>\n\n<p>Les retours sont accept\u00e9s dans les 14 jours suivant la livraison.<\/p>\n\n<p>Des frais d&rsquo;annulation peuvent \u00eatre appliqu\u00e9s si la commande est annul\u00e9e apr\u00e8s avoir \u00e9t\u00e9 confirm\u00e9e.<\/p>\n\n<p><strong>Politique de confidentialit\u00e9<\/strong><\/p>\n\n<p>Vos donn\u00e9es personnelles seront trait\u00e9es conform\u00e9ment \u00e0 notre politique de confidentialit\u00e9.<\/p>\n\n<p><strong>Droit applicable et r\u00e8glement des litiges<\/strong><\/p>\n\n<p>Le droit n\u00e9erlandais s&rsquo;applique \u00e0 tous les accords conclus entre la soci\u00e9t\u00e9 et le client.<\/p>\n\n<p>Tous les litiges seront r\u00e9gl\u00e9s par le tribunal comp\u00e9tent aux Pays-Bas.<\/p>\n\n<p><strong>Amendements<\/strong><\/p>\n\n<p>L&rsquo;entreprise se r\u00e9serve le droit de modifier les pr\u00e9sentes conditions g\u00e9n\u00e9rales \u00e0 tout moment. Toute modification sera communiqu\u00e9e par le biais du site web.<\/p>\n\n<p>Derni\u00e8re mise \u00e0 jour : 30 septembre 2023<\/p>\n","protected":false},"excerpt":{"rendered":"<p>Introduction Bienvenue chez Newlong Holland B.V., votre interlocuteur unique pour les machines \u00e0 coudre industrielles, les machines \u00e0 sceller les sacs, les machines d&#8217;emballage et les machines pour la fabrication de sacs en papier. Les pr\u00e9sentes conditions g\u00e9n\u00e9rales s&rsquo;appliquent \u00e0 toutes les transactions et interactions que vous avez avec nous, que ce soit en ligne [&hellip;]<\/p>\n","protected":false},"author":1,"featured_media":0,"parent":0,"menu_order":0,"comment_status":"closed","ping_status":"closed","template":"","meta":{"footnotes":""},"class_list":["post-1257","page","type-page","status-publish","hentry"],"_links":{"self":[{"href":"https:\/\/www.newlong.nl\/fr\/wp-json\/wp\/v2\/pages\/1257","targetHints":{"allow":["GET"]}}],"collection":[{"href":"https:\/\/www.newlong.nl\/fr\/wp-json\/wp\/v2\/pages"}],"about":[{"href":"https:\/\/www.newlong.nl\/fr\/wp-json\/wp\/v2\/types\/page"}],"author":[{"embeddable":true,"href":"https:\/\/www.newlong.nl\/fr\/wp-json\/wp\/v2\/users\/1"}],"replies":[{"embeddable":true,"href":"https:\/\/www.newlong.nl\/fr\/wp-json\/wp\/v2\/comments?post=1257"}],"version-history":[{"count":0,"href":"https:\/\/www.newlong.nl\/fr\/wp-json\/wp\/v2\/pages\/1257\/revisions"}],"wp:attachment":[{"href":"https:\/\/www.newlong.nl\/fr\/wp-json\/wp\/v2\/media?parent=1257"}],"curies":[{"name":"wp","href":"https:\/\/api.w.org\/{rel}","templated":true}]}}