{"id":1218,"date":"2023-06-11T07:11:11","date_gmt":"2023-06-11T07:11:11","guid":{"rendered":"https:\/\/www.newlong.nl\/politica-de-privacidad-newlong-holland-b-v\/"},"modified":"2024-03-12T10:43:21","modified_gmt":"2024-03-12T10:43:21","slug":"politica-de-privacidad-newlong-holland-b-v","status":"publish","type":"page","link":"https:\/\/www.newlong.nl\/es\/politica-de-privacidad-newlong-holland-b-v\/","title":{"rendered":"Pol\u00edtica de Privacidad | Newlong Holland B. V."},"content":{"rendered":"\n<p>Al utilizar nuestro sitio web, recibimos ciertos datos de los usuarios. Es importante que manejemos sus datos personales con cuidado. A trav\u00e9s de esta declaraci\u00f3n de privacidad, queremos informarle lo mejor posible sobre los datos que recopilamos de usted, la forma en que se recopilan sus datos y el prop\u00f3sito del procesamiento de estos datos.<\/p>\n\n\n\n<p><strong>Definiciones<\/strong><\/p>\n\n\n\n<p>Declaraci\u00f3n de privacidad: esta declaraci\u00f3n de privacidad;<\/p>\n\n\n\n<p>Usuario: todo usuario del Sitio web;<\/p>\n\n\n\n<p>Responsable: Newlong Holland B. V., Capronilaan 10, 1119 NR Schiphol-Rijk, Pa\u00edses Bajos. Email: sales@newlong.nl. Tel\u00e9fono: +31-(0)20-653-2350. Sitio web: https:\/\/www.newlong.nl\/<\/p>\n\n\n\n<p><strong>Datos Personales<\/strong><\/p>\n\n\n\n<p>Recopilamos datos como su nombre\/nombres, direcci\u00f3n de correo electr\u00f3nico, n\u00famero de tel\u00e9fono y otra informaci\u00f3n adicional que se nos proporciona cuando utiliza nuestros servicios o se comunica con nosotros. De otras fuentes, tambi\u00e9n obtenemos informaci\u00f3n que luego se puede combinar con los datos que ya tenemos de usted. Lo que esto permite es que podamos mejorar la precisi\u00f3n y la integridad de los datos. Esto tambi\u00e9n incluye la informaci\u00f3n que se recopila en relaci\u00f3n con su uso de nuestro(s) sitio (s) web. Una de las t\u00e9cnicas utilizadas para ello son las cookies. Hay varios prop\u00f3sitos para los cuales se recopilan estos datos. Estos prop\u00f3sitos son los siguientes:<\/p>\n\n\n\n<p>Podemos identificarlo de la manera correcta como persona y dirigirnos a usted correctamente por su nombre;<\/p>\n\n\n\n<p>Podemos procesar y responder a sus preguntas;<\/p>\n\n\n\n<p>Podemos ejecutar el acuerdo que tenemos con usted;<\/p>\n\n\n\n<p>Si hay preguntas o quejas, podemos comunicarlo con usted;<\/p>\n\n\n\n<p>Podemos analizar las estad\u00edsticas relativas al uso de nuestro sitio web;<\/p>\n\n\n\n<p>Mejorar la facilidad de uso de nuestro sitio web;<\/p>\n\n\n\n<p>Podemos procesar y manejar una posible solicitud de empleo.<\/p>\n\n\n\n<p><strong>1 General<\/strong><\/p>\n\n\n\n<p>1.1 En esta declaraci\u00f3n de privacidad, se describe c\u00f3mo Newlong Holland B. V. procesa los datos personales de sus Usuarios.<\/p>\n\n\n\n<p>1.2 Los datos personales procesados por Newlong Holland B. V. son el nombre, la direcci\u00f3n (de correo electr\u00f3nico), el n\u00famero de tel\u00e9fono y posiblemente otros datos que el Usuario env\u00eda a Newlong Holland B. V. (por ejemplo, en la parte textual de nuestro formulario de contacto).<\/p>\n\n\n\n<p><strong>2 Recopilaci\u00f3n y Uso de Datos Personales<\/strong><\/p>\n\n\n\n<p>2.1 Newlong Holland B. V. recopila datos personales de un Usuario cuando el Usuario ha transmitido estos datos personales a trav\u00e9s del Sitio Web al Responsable [por ejemplo, al ponerse en contacto con una solicitud de informaci\u00f3n sobre los servicios o productos de Newlong Holland B. V. y\/o realizar un pedido en Newlong Holland B. V.].<\/p>\n\n\n\n<p>2.2 Newlong Holland B. V. utiliza estos datos personales para el prop\u00f3sito para el cual el Usuario ha proporcionado los datos personales a Newlong Holland B. V.:<\/p>\n\n\n\n<p>2.2.1 Si el Usuario solicita informaci\u00f3n sobre servicios y productos, Newlong Holland B. V. procesa los datos personales para satisfacer esa solicitud. En tal caso, utilizamos sus datos para poder enviarle un correo electr\u00f3nico y\/o devolverle la llamada.<\/p>\n\n\n\n<p>2.3 Utilizamos el servicio de generaci\u00f3n de leads de Leadinfo B.V., Rotterdam, Pa\u00edses Bajos. La herramienta reconoce las visitas de la empresa a nuestro sitio web en funci\u00f3n de las direcciones IP y nos muestra informaci\u00f3n disponible p\u00fablicamente, como nombres o direcciones de la empresa. Adem\u00e1s, Leadinfo coloca dos cookies de origen para evaluar el comportamiento del usuario en nuestro sitio web y procesa dominios a partir de entradas de formulario (por ejemplo, \u00abLeadinfo.com\u00bb) para correlacionar direcciones IP con empresas y mejorar los servicios. M\u00e1s informaci\u00f3n est\u00e1 disponible en www.leadinfo.com. En esta p\u00e1gina: https:\/\/www.leadinfo.com\/en\/opt-out tiene la opci\u00f3n de darse de baja. Si opta por no participar, Leadinfo ya no registrar\u00e1 sus datos.<\/p>\n\n\n\n<p><strong>3 Transferencia a Terceros<\/strong><\/p>\n\n\n\n<p>3.1 Newlong Holland B. V. no transmitir\u00e1 los datos personales de sus Usuarios a terceros, a menos que:<\/p>\n\n\n\n<p>3.1.1 La transferencia se produce a un socio para uno o m\u00e1s servicios o productos incluidos en esta declaraci\u00f3n de privacidad de Newlong Holland B. V.. Newlong Holland B. V. ha celebrado un acuerdo con estos socios que garantiza que el procesador(nuestro(s) socio(s)) ofrece garant\u00edas suficientes de que han tomado suficientes medidas de seguridad t\u00e9cnicas y organizativas; o<\/p>\n\n\n\n<p>3.1.2 Newlong Holland B. V. est\u00e1 legalmente obligado a transmitir datos personales a las autoridades competentes.<\/p>\n\n\n\n<p><strong>4 Cookies<\/strong><\/p>\n\n\n\n<p>4.1 Newlong Holland B. V. utiliza cookies para optimizar la funcionalidad de ciertas p\u00e1ginas del sitio web. Las cookies son peque\u00f1os archivos de texto que una p\u00e1gina del sitio web coloca en la computadora del visitante. En una cookie de este tipo, se almacena informaci\u00f3n, por ejemplo, sus preferencias como visitante. Esto nos permite servirle a\u00fan mejor durante su pr\u00f3xima visita.<\/p>\n\n\n\n<p>4.2 El visitante puede decidir por s\u00ed mismo c\u00f3mo tratar con las cookies. Puede configurar su navegador para permitir el uso de cookies, para no permitirlo o para permitirlo parcialmente. En este \u00faltimo caso, se pueden configurar los sitios web que pueden colocar cookies. Todos los dem\u00e1s sitios web est\u00e1n prohibidos. La mayor\u00eda de los navegadores modernos ofrecen esta posibilidad.<\/p>\n\n\n\n<p>4.3 Las cookies siempre se pueden eliminar de un ordenador, tambi\u00e9n de nuevo a trav\u00e9s del navegador.<\/p>\n\n\n\n<p><strong>5 Cambio\/Eliminaci\u00f3n de Datos Personales<\/strong><\/p>\n\n\n\n<p>5.1 El Usuario tiene derecho a la inspecci\u00f3n, correcci\u00f3n, complementaci\u00f3n, eliminaci\u00f3n y protecci\u00f3n de sus datos personales. Esto es de acuerdo con lo estipulado en la Ley de Protecci\u00f3n de Datos Personales.<\/p>\n\n\n\n<p>5.2 Si el Usuario desea hacer uso de uno de estos derechos, o si el Usuario tiene preguntas sobre esta declaraci\u00f3n de privacidad, el Usuario puede comunicarse con Newlong Holland B. V. en sales @ Newlong Holland B.V..nl o direcci\u00f3n postal Capronilaan 10, 1119 NR Schiphol-Rijk, Pa\u00edses Bajos.<\/p>\n\n\n\n<p><strong>6 Per\u00edodo de Retenci\u00f3n<\/strong><\/p>\n\n\n\n<p>6.1 Newlong Holland B. V. conserva los datos personales durante el per\u00edodo en el que los considera relevantes en el contexto de sus servicios, a menos que est\u00e9n legalmente obligados a conservar los datos personales durante un per\u00edodo m\u00e1s prolongado.<\/p>\n\n\n\n<p><strong>7 Seguridad<\/strong><\/p>\n\n\n\n<p>7.1 Newlong Holland B. V. ha tomado las medidas t\u00e9cnicas y organizativas adecuadas para proteger los datos personales de los Usuarios contra p\u00e9rdidas o procesamiento ilegal. Una de estas medidas es la seguridad SSL en su sitio web.<\/p>\n\n\n\n<p><strong>8 Cambios en la Declaraci\u00f3n de Privacidad<\/strong><\/p>\n\n\n\n<p>8.1 Newlong Holland B. V. se reserva el derecho de modificar esta declaraci\u00f3n de privacidad si es necesario. Todas las modificaciones se anunciar\u00e1n en esta p\u00e1gina, en la parte inferior. Por lo tanto, le recomendamos como usuario que est\u00e9 atento a esta p\u00e1gina para cualquier modificaci\u00f3n. <\/p>\n\n\n\n<p>\u00daltima actualizaci\u00f3n: 30 de septiembre de 2023<\/p>\n","protected":false},"excerpt":{"rendered":"<p>Al utilizar nuestro sitio web, recibimos ciertos datos de los usuarios. Es importante que manejemos sus datos personales con cuidado. A trav\u00e9s de esta declaraci\u00f3n de privacidad, queremos informarle lo mejor posible sobre los datos que recopilamos de usted, la forma en que se recopilan sus datos y el prop\u00f3sito del procesamiento de estos datos. [&hellip;]<\/p>\n","protected":false},"author":1,"featured_media":0,"parent":0,"menu_order":0,"comment_status":"closed","ping_status":"open","template":"","meta":{"footnotes":""},"class_list":["post-1218","page","type-page","status-publish","hentry"],"_links":{"self":[{"href":"https:\/\/www.newlong.nl\/es\/wp-json\/wp\/v2\/pages\/1218","targetHints":{"allow":["GET"]}}],"collection":[{"href":"https:\/\/www.newlong.nl\/es\/wp-json\/wp\/v2\/pages"}],"about":[{"href":"https:\/\/www.newlong.nl\/es\/wp-json\/wp\/v2\/types\/page"}],"author":[{"embeddable":true,"href":"https:\/\/www.newlong.nl\/es\/wp-json\/wp\/v2\/users\/1"}],"replies":[{"embeddable":true,"href":"https:\/\/www.newlong.nl\/es\/wp-json\/wp\/v2\/comments?post=1218"}],"version-history":[{"count":0,"href":"https:\/\/www.newlong.nl\/es\/wp-json\/wp\/v2\/pages\/1218\/revisions"}],"wp:attachment":[{"href":"https:\/\/www.newlong.nl\/es\/wp-json\/wp\/v2\/media?parent=1218"}],"curies":[{"name":"wp","href":"https:\/\/api.w.org\/{rel}","templated":true}]}}