{"id":1211,"date":"2023-10-02T08:18:29","date_gmt":"2023-10-02T08:18:29","guid":{"rendered":"https:\/\/www.newlong.nl\/condiciones-generales-de-newlong-holland-b-v\/"},"modified":"2023-11-28T04:48:16","modified_gmt":"2023-11-28T04:48:16","slug":"condiciones-generales-de-newlong-holland-b-v","status":"publish","type":"page","link":"https:\/\/www.newlong.nl\/es\/condiciones-generales-de-newlong-holland-b-v\/","title":{"rendered":"Condiciones Generales de Newlong Holland B. V."},"content":{"rendered":"\n<p><strong>Introducci\u00f3n<\/strong><\/p>\n\n<p>Bienvenido a Newlong Holland B. V., su ventanilla \u00fanica para m\u00e1quinas de coser industriales, m\u00e1quinas de sellado de bolsas, m\u00e1quinas de embalaje y m\u00e1quinas para la fabricaci\u00f3n de bolsas de papel. Estas condiciones generales se aplican a todas las transacciones e interacciones que tenga con nosotros, ya sea en l\u00ednea o fuera de l\u00ednea.<\/p>\n\n<p><strong>Definiciones<\/strong><\/p>\n\n<p>Compa\u00f1ia: Newlong Holland B.V.<\/p>\n\n<p>Cliente: Cualquier persona o entidad que compre o est\u00e9 interesada en comprar bienes y servicios de la Compa\u00f1\u00eda.<\/p>\n\n<p>Sitio web: https:\/\/www.newlong.nl\/<\/p>\n\n<p>Bienes: Cualquier producto vendido por Newlong Holland B. V.<\/p>\n\n<p>Servicios: Cualquier servicio ofrecido por Newlong Holland B. V.<\/p>\n\n<p><strong>Informaci\u00f3n de Contacto<\/strong><\/p>\n\n<p>Oficina registrada en: Capronilaan 10, 1119 NR Schiphol-Rijk<\/p>\n\n<p>N\u00famero KVK: 34066247<\/p>\n\n<p>Tel\u00e9fono: +31-(0)20-653-2350<\/p>\n\n<p>Email: sales@newlong.nl<\/p>\n\n<p><strong>Oferta y Acuerdo<\/strong><\/p>\n\n<p>Todas las ofertas son sin compromiso a menos que se indique una fecha l\u00edmite para la aceptaci\u00f3n en la oferta.<\/p>\n\n<p>Un acuerdo entra en vigor cuando Newlong Holland B. V. confirma el pedido del Cliente.<\/p>\n\n<p>Condiciones de facturaci\u00f3n: variables, sujeto a acuerdo previo<\/p>\n\n<p><strong>Precios y Pagos<\/strong><\/p>\n\n<p>Todos los precios no incluyen el IVA ni otros grav\u00e1menes gubernamentales.<\/p>\n\n<p>Los pagos vencen dentro de los 14 d\u00edas posteriores a la fecha de la factura, a menos que se acuerde lo contrario por escrito.<\/p>\n\n<p><strong>Entrega y Ejecuci\u00f3n<\/strong><\/p>\n\n<p>Los plazos de entrega indicados por la Empresa son orientativos.<\/p>\n\n<p><strong>Devoluciones y Cancelaci\u00f3n<\/strong><\/p>\n\n<p>Se aceptan devoluciones dentro de los 14 d\u00edas posteriores a la entrega.<\/p>\n\n<p>Se pueden aplicar tarifas de cancelaci\u00f3n si el pedido se cancela despu\u00e9s de que se haya confirmado.<\/p>\n\n<p><strong>Pol\u00edtica de Privacidad<\/strong><\/p>\n\n<p>Sus datos personales se procesar\u00e1n de acuerdo con nuestra Pol\u00edtica de Privacidad.<\/p>\n\n<p><strong>Legislaci\u00f3n Aplicable y Resoluci\u00f3n de Disputas<\/strong><\/p>\n\n<p>La ley holandesa se aplica a todos los acuerdos entre la Compa\u00f1\u00eda y el Cliente.<\/p>\n\n<p>Todas las disputas se resolver\u00e1n en el tribunal competente de los Pa\u00edses Bajos.<\/p>\n\n<p><strong>Modificaciones<\/strong><\/p>\n\n<p>La Empresa se reserva el derecho de modificar las presentes Condiciones Generales en cualquier momento. Cualquier cambio se comunicar\u00e1 a trav\u00e9s del Sitio Web.<\/p>\n\n<p>\u00daltima actualizaci\u00f3n: 30 de septiembre de 2023<\/p>\n","protected":false},"excerpt":{"rendered":"<p>Introducci\u00f3n Bienvenido a Newlong Holland B. V., su ventanilla \u00fanica para m\u00e1quinas de coser industriales, m\u00e1quinas de sellado de bolsas, m\u00e1quinas de embalaje y m\u00e1quinas para la fabricaci\u00f3n de bolsas de papel. Estas condiciones generales se aplican a todas las transacciones e interacciones que tenga con nosotros, ya sea en l\u00ednea o fuera de l\u00ednea. [&hellip;]<\/p>\n","protected":false},"author":1,"featured_media":0,"parent":0,"menu_order":0,"comment_status":"closed","ping_status":"closed","template":"","meta":{"footnotes":""},"class_list":["post-1211","page","type-page","status-publish","hentry"],"_links":{"self":[{"href":"https:\/\/www.newlong.nl\/es\/wp-json\/wp\/v2\/pages\/1211","targetHints":{"allow":["GET"]}}],"collection":[{"href":"https:\/\/www.newlong.nl\/es\/wp-json\/wp\/v2\/pages"}],"about":[{"href":"https:\/\/www.newlong.nl\/es\/wp-json\/wp\/v2\/types\/page"}],"author":[{"embeddable":true,"href":"https:\/\/www.newlong.nl\/es\/wp-json\/wp\/v2\/users\/1"}],"replies":[{"embeddable":true,"href":"https:\/\/www.newlong.nl\/es\/wp-json\/wp\/v2\/comments?post=1211"}],"version-history":[{"count":0,"href":"https:\/\/www.newlong.nl\/es\/wp-json\/wp\/v2\/pages\/1211\/revisions"}],"wp:attachment":[{"href":"https:\/\/www.newlong.nl\/es\/wp-json\/wp\/v2\/media?parent=1211"}],"curies":[{"name":"wp","href":"https:\/\/api.w.org\/{rel}","templated":true}]}}