{"id":1372,"date":"2023-06-11T07:11:11","date_gmt":"2023-06-11T07:11:11","guid":{"rendered":"https:\/\/www.newlong.nl\/datenschutzrichtlinie-newlong-holland-b-v\/"},"modified":"2024-03-12T10:41:45","modified_gmt":"2024-03-12T10:41:45","slug":"datenschutzrichtlinie-newlong-holland-b-v","status":"publish","type":"page","link":"https:\/\/www.newlong.nl\/de\/datenschutzrichtlinie-newlong-holland-b-v\/","title":{"rendered":"Datenschutzrichtlinie | Newlong Holland B.V."},"content":{"rendered":"\n<p>Durch die Nutzung unserer Webseite erhalten wir bestimmte Daten von Nutzern. Es ist wichtig f\u00fcr uns, mit Ihren pers\u00f6nlichen Daten sorgf\u00e4ltig umzugehen. Mit dieser Datenschutzerkl\u00e4rung m\u00f6chten wir Sie so gut wie m\u00f6glich \u00fcber die Daten, die wir von Ihnen erheben, die Art und Weise, in der Ihre Daten erhoben werden, und den Zweck der Verarbeitung dieser Daten informieren.<\/p>\n\n\n\n<p><strong>Definitionen<\/strong><\/p>\n\n\n\n<p>Datenschutzerkl\u00e4rung: Diese Erkl\u00e4rung zum Datenschutz;<\/p>\n\n\n\n<p>Benutzer: jeder Benutzer der Webseite;<\/p>\n\n\n\n<p>Verantwortlich: Newlong Holland B.V., Capronilaan 10, 1119 NR Schiphol-Rijk, Niederlande. E-Mail: sales@newlong.nl. Telefon: +31-(0)20-653-2350. Webseite: https:\/\/www.newlong.nl\/<\/p>\n\n\n\n<p><strong>Pers\u00f6nliche Daten<\/strong><\/p>\n\n\n\n<p>Daten wie Ihr(e) Name(n), E-Mail-Adresse, Telefonnummer und andere zus\u00e4tzliche Informationen, die uns zur Verf\u00fcgung gestellt werden, werden von uns erfasst, wenn Sie unsere Dienste nutzen oder uns kontaktieren. Auch aus anderen Quellen erhalten wir Informationen, die dann mit den Daten kombiniert werden k\u00f6nnen, die wir bereits von Ihnen haben. Dadurch k\u00f6nnen wir die Genauigkeit und Vollst\u00e4ndigkeit der Daten verbessern. Dazu geh\u00f6ren auch die Informationen, die im Zusammenhang mit Ihrer Nutzung unserer Webseite(n) gesammelt werden. Eine der daf\u00fcr verwendeten Techniken sind Cookies. Es gibt verschiedene Zwecke, f\u00fcr die diese Daten gesammelt werden. Diese Zwecke sind wie folgt:<\/p>\n\n\n\n<p>Wir k\u00f6nnen Sie auf korrekte Weise als Person identifizieren und Sie korrekt mit Ihrem Namen ansprechen;<\/p>\n\n\n\n<p>Wir k\u00f6nnen Ihre Fragen bearbeiten und beantworten;<\/p>\n\n\n\n<p>Wir k\u00f6nnen den Vertrag, den wir mit Ihnen geschlossen haben, ausf\u00fchren;<\/p>\n\n\n\n<p>Wenn es Fragen oder Beschwerden gibt, k\u00f6nnen wir diese mit Ihnen besprechen;<\/p>\n\n\n\n<p>Wir k\u00f6nnen die Statistiken \u00fcber die Nutzung unserer Webseite analysieren;<\/p>\n\n\n\n<p>Verbessern Sie die Benutzerfreundlichkeit unserer Webseite;<\/p>\n\n\n\n<p>Wir k\u00f6nnen eine m\u00f6gliche Bewerbung bearbeiten und bearbeiten.<\/p>\n\n\n\n<p><strong>1 Allgemeines<\/strong><\/p>\n\n\n\n<p>1.1 In dieser Datenschutzerkl\u00e4rung wird beschrieben, wie Newlong Holland B.V. die personenbezogenen Daten seiner Nutzer verarbeitet.<\/p>\n\n\n\n<p>1.2 Bei den von Newlong Holland B.V. verarbeiteten personenbezogenen Daten handelt es sich um den Namen, die (E-Mail-)Adresse, die Telefonnummer und m\u00f6glicherweise andere Daten, die der Nutzer an Newlong Holland B.V. sendet (zum Beispiel im Textteil unseres Kontaktformulars).<\/p>\n\n\n\n<p><strong>2 Erhebung und Verwendung personenbezogener Daten<\/strong><\/p>\n\n\n\n<p>2.1 Newlong Holland B.V. erhebt personenbezogene Daten eines Nutzers, wenn der Nutzer diese personenbezogenen Daten \u00fcber die Webseite an den Verantwortlichen weitergegeben hat [z.B. durch Kontaktaufnahme mit einer Anfrage nach Informationen \u00fcber die Dienstleistungen oder Produkte von Newlong Holland B.V. und\/oder eine Bestellung bei Newlong Holland B.V.].<\/p>\n\n\n\n<p>2.2 Newlong Holland B.V. verwendet diese personenbezogenen Daten f\u00fcr den Zweck, f\u00fcr den der Nutzer die personenbezogenen Daten an Newlong Holland B.V. \u00fcbermittelt hat:<\/p>\n\n\n\n<p>2.2.1 Wenn der Nutzer Informationen \u00fcber Dienstleistungen und Produkte anfordert, verarbeitet Newlong Holland B.V. die personenbezogenen Daten, um dieser Anforderung nachzukommen. Wir verwenden Ihre Daten in einem solchen Fall, um Sie per E-Mail zu kontaktieren und\/oder zur\u00fcck zurufen.<\/p>\n\n\n\n<p>2.3 Wir nutzen den Lead-Generierungsdienst von Leadinfo B.V., Rotterdam, Niederlande. Das Tool erkennt Unternehmensbesuche auf unserer Website anhand von IP-Adressen und zeigt uns \u00f6ffentlich verf\u00fcgbare Informationen, wie Firmennamen oder Adressen. Dar\u00fcber hinaus setzt Leadinfo zwei First-Party-Cookies zur Auswertung des Nutzerverhaltens auf unserer Website und verarbeitet Domains aus Formulareingaben (z. B. \u201eLeadinfo.com\u201c), um IP-Adressen mit Unternehmen in Verbindung zu bringen und Dienste zu verbessern. Weitere Informationen finden Sie unter www.leadinfo.com. Auf dieser Seite: https:\/\/www.leadinfo.com\/de\/opt-out haben Sie eine Opt-Out-M\u00f6glichkeit. Wenn Sie sich dagegen entscheiden, werden Ihre Daten nicht mehr von Leadinfo erfasst.<\/p>\n\n\n\n<p><strong>3 \u00dcbertragung an Dritte<\/strong><\/p>\n\n\n\n<p>3.1 Newlong Holland B.V. gibt die pers\u00f6nlichen Daten seiner Nutzer nicht an Dritte weiter, es sei denn:<\/p>\n\n\n\n<p>3.1.1 Die \u00dcbertragung erfolgt an einen Partner f\u00fcr eine oder mehrere Dienstleistungen oder Produkte, die in dieser Datenschutzerkl\u00e4rung von Newlong Holland B.V. aufgef\u00fchrt sind. Newlong Holland B.V. hat mit diesen Partnern eine Vereinbarung getroffen, die sicherstellt, dass der Verarbeiter (unser(e) Partner) ausreichende Garantien daf\u00fcr bietet, dass er ausreichende technische und organisatorische Sicherheitsma\u00dfnahmen getroffen hat; oder<\/p>\n\n\n\n<p>3.1.2 Newlong Holland B.V. ist gesetzlich verpflichtet, personenbezogene Daten an die zust\u00e4ndigen Beh\u00f6rden weiterzugeben.<\/p>\n\n\n\n<p><strong>4 Cookies<\/strong><\/p>\n\n\n\n<p>4.1 Newlong Holland B.V. verwendet Cookies, um die Funktionalit\u00e4t bestimmter Seiten der Webseite zu optimieren. Cookies sind kleine Textdateien, die von einer Seite der Webseite auf dem Computer des Besuchers abgelegt werden. In einem solchen Cookie werden Informationen gespeichert, zum Beispiel Ihre Pr\u00e4ferenzen als Besucher. So k\u00f6nnen wir Sie bei Ihrem n\u00e4chsten Besuch noch besser bedienen.<\/p>\n\n\n\n<p>4.2 Der Besucher kann selbst entscheiden, wie er mit Cookies umgehen m\u00f6chte. Er kann seinen Browser so konfigurieren, dass er die Verwendung von Cookies zul\u00e4sst, nicht zul\u00e4sst oder teilweise zul\u00e4sst. Im letzteren Fall k\u00f6nnen Sie einstellen, welche Webseiten Cookies setzen d\u00fcrfen. Alle anderen Webseiten sind dann verboten. Die meisten modernen Browser bieten diese M\u00f6glichkeit.<\/p>\n\n\n\n<p>4.3 Cookies k\u00f6nnen jederzeit von einem Computer entfernt werden, auch wieder \u00fcber den Browser.<\/p>\n\n\n\n<p><strong>5 \u00c4nderung\/L\u00f6schung von pers\u00f6nlichen Daten<\/strong><\/p>\n\n\n\n<p>5.1 Der Nutzer hat das Recht auf Einsicht, Berichtigung, Erg\u00e4nzung, L\u00f6schung und Abschirmung seiner personenbezogenen Daten. Dies entspricht den Bestimmungen des Gesetzes zum Schutz personenbezogener Daten.<\/p>\n\n\n\n<p>5.2 Wenn der Nutzer von einem dieser Rechte Gebrauch machen m\u00f6chte oder wenn der Nutzer Fragen zu dieser Datenschutzerkl\u00e4rung hat, kann der Nutzer Newlong Holland B.V. unter sales@Newlong Holland B.V..nl oder unter der Postanschrift Capronilaan 10, 1119 NR Schiphol-Rijk, Niederlande erreichen.<\/p>\n\n\n\n<p><strong>6 Aufbewahrungsfrist<\/strong><\/p>\n\n\n\n<p>6.1 Newlong Holland B.V. speichert personenbezogene Daten f\u00fcr den Zeitraum, in dem sie im Rahmen ihrer Dienstleistungen relevant sind, es sei denn, sie ist gesetzlich verpflichtet, personenbezogene Daten f\u00fcr einen l\u00e4ngeren Zeitraum aufzubewahren.<\/p>\n\n\n\n<p><strong>7 Sicherheit<\/strong><\/p>\n\n\n\n<p>7.1 Newlong Holland B.V. hat angemessene technische und organisatorische Ma\u00dfnahmen ergriffen, um die personenbezogenen Daten der Nutzer vor Verlust oder unrechtm\u00e4\u00dfiger Verarbeitung zu sch\u00fctzen. Eine dieser Ma\u00dfnahmen ist die SSL-Sicherheit auf seiner Webseite.<\/p>\n\n\n\n<p><strong>8 \u00c4nderungen an den Datenschutzbestimmungen<\/strong><\/p>\n\n\n\n<p>8.1 Newlong Holland B.V. beh\u00e4lt sich das Recht vor, diese Datenschutzerkl\u00e4rung bei Bedarf zu \u00e4ndern. Alle \u00c4nderungen werden auf dieser Seite ganz unten bekannt gegeben. Wir raten Ihnen als Nutzer daher, diese Seite im Auge zu behalten, wenn es \u00c4nderungen gibt. <\/p>\n\n\n\n<p>Zuletzt aktualisiert: 30. September 2023<\/p>\n","protected":false},"excerpt":{"rendered":"<p>Durch die Nutzung unserer Webseite erhalten wir bestimmte Daten von Nutzern. Es ist wichtig f\u00fcr uns, mit Ihren pers\u00f6nlichen Daten sorgf\u00e4ltig umzugehen. Mit dieser Datenschutzerkl\u00e4rung m\u00f6chten wir Sie so gut wie m\u00f6glich \u00fcber die Daten, die wir von Ihnen erheben, die Art und Weise, in der Ihre Daten erhoben werden, und den Zweck der Verarbeitung [&hellip;]<\/p>\n","protected":false},"author":1,"featured_media":0,"parent":0,"menu_order":0,"comment_status":"closed","ping_status":"open","template":"","meta":{"footnotes":""},"class_list":["post-1372","page","type-page","status-publish","hentry"],"_links":{"self":[{"href":"https:\/\/www.newlong.nl\/de\/wp-json\/wp\/v2\/pages\/1372","targetHints":{"allow":["GET"]}}],"collection":[{"href":"https:\/\/www.newlong.nl\/de\/wp-json\/wp\/v2\/pages"}],"about":[{"href":"https:\/\/www.newlong.nl\/de\/wp-json\/wp\/v2\/types\/page"}],"author":[{"embeddable":true,"href":"https:\/\/www.newlong.nl\/de\/wp-json\/wp\/v2\/users\/1"}],"replies":[{"embeddable":true,"href":"https:\/\/www.newlong.nl\/de\/wp-json\/wp\/v2\/comments?post=1372"}],"version-history":[{"count":0,"href":"https:\/\/www.newlong.nl\/de\/wp-json\/wp\/v2\/pages\/1372\/revisions"}],"wp:attachment":[{"href":"https:\/\/www.newlong.nl\/de\/wp-json\/wp\/v2\/media?parent=1372"}],"curies":[{"name":"wp","href":"https:\/\/api.w.org\/{rel}","templated":true}]}}