{"id":1369,"date":"2023-10-02T08:18:29","date_gmt":"2023-10-02T08:18:29","guid":{"rendered":"https:\/\/www.newlong.nl\/allgemeine-bedingungen-von-newlong-holland-b-v\/"},"modified":"2023-12-01T08:09:01","modified_gmt":"2023-12-01T08:09:01","slug":"allgemeine-bedingungen-von-newlong-holland-b-v","status":"publish","type":"page","link":"https:\/\/www.newlong.nl\/de\/allgemeine-bedingungen-von-newlong-holland-b-v\/","title":{"rendered":"Allgemeine Bedingungen von Newlong Holland B.V."},"content":{"rendered":"\n<p><strong>Einf\u00fchrung<\/strong><\/p>\n\n<p>Willkommen bei Newlong Holland B.V., Ihrem One-Stop-Shop f\u00fcr Industrien\u00e4hmaschinen, Sackverschlie\u00dfmaschinen, Verpackungsmaschinen und Maschinen f\u00fcr die Herstellung von Papiers\u00e4cken. Diese allgemeinen Bedingungen gelten f\u00fcr alle Transaktionen und Interaktionen, die Sie mit uns haben, ob online oder offline.<\/p>\n\n<p><strong>Definitionen<\/strong><\/p>\n\n<p>Unternehmen: Newlong Holland B.V.<\/p>\n\n<p>Kunde: Jede nat\u00fcrliche oder juristische Person, die Waren und Dienstleistungen von der Gesellschaft kauft oder daran interessiert ist, sie zu kaufen.<\/p>\n\n<p>Webseite: https:\/\/www.newlong.nl\/<\/p>\n\n<p>Waren: Alle von Newlong Holland B.V. verkauften Produkte.<\/p>\n\n<p>Dienstleistungen: Alle von Newlong Holland B.V. angebotenen Dienstleistungen.<\/p>\n\n<p><strong>Kontaktinformationen<\/strong><\/p>\n\n<p>Eingetragener Sitz: Capronilaan 10, 1119 NR Schiphol-Rijk<\/p>\n\n<p>KVK-Nummer: 34066247<\/p>\n\n<p>Telefon: +31-(0)20-653-2350<\/p>\n\n<p>E-Mail: sales@newlong.nl<\/p>\n\n<p><strong>Angebot und Vereinbarung<\/strong><\/p>\n\n<p>Alle Angebote sind freibleibend, es sei denn, im Angebot ist eine Frist zur Annahme angegeben.<\/p>\n\n<p>Ein Vertrag kommt zustande, wenn Newlong Holland B.V. die Bestellung des Kunden best\u00e4tigt.<\/p>\n\n<p>Rechnungsstellungsbedingungen: variabel, nach vorheriger Vereinbarung<\/p>\n\n<p><strong>Preise und Zahlungen<\/strong><\/p>\n\n<p>Alle Preise verstehen sich exklusive Mehrwertsteuer und anderer staatlicher Abgaben.<\/p>\n\n<p>Zahlungen sind innerhalb von 14 Tagen nach Rechnungsdatum f\u00e4llig, sofern nichts anderes schriftlich vereinbart wurde.<\/p>\n\n<p><strong>Lieferung und Ausf\u00fchrung<\/strong><\/p>\n\n<p>Die vom Unternehmen angegebenen Lieferzeiten sind Richtwerte.<\/p>\n\n<p><strong>R\u00fcckgabe und Stornierung<\/strong><\/p>\n\n<p>R\u00fccksendungen werden innerhalb von 14 Tagen nach Lieferung akzeptiert.<\/p>\n\n<p>Es k\u00f6nnen Stornierungsgeb\u00fchren anfallen, wenn die Bestellung storniert wird, nachdem sie best\u00e4tigt worden ist.<\/p>\n\n<p><strong>Datenschutzbestimmungen<\/strong><\/p>\n\n<p>Ihre pers\u00f6nlichen Daten werden in \u00dcbereinstimmung mit unserer Datenschutzrichtlinie verarbeitet.<\/p>\n\n<p><strong>Geltendes Recht und Streitbeilegung<\/strong><\/p>\n\n<p>F\u00fcr alle Vertr\u00e4ge zwischen dem Unternehmen und dem Kunden gilt das niederl\u00e4ndische Recht.<\/p>\n\n<p>Alle Streitigkeiten werden vor dem zust\u00e4ndigen Gericht in den Niederlanden verhandelt.<\/p>\n\n<p><strong>\u00c4nderungen<\/strong><\/p>\n\n<p>Das Unternehmen beh\u00e4lt sich das Recht vor, diese Allgemeinen Gesch\u00e4ftsbedingungen jederzeit zu \u00e4ndern. Alle \u00c4nderungen werden \u00fcber die Webseite bekannt gegeben.<\/p>\n\n<p>Zuletzt aktualisiert: 30. September 2023<\/p>\n","protected":false},"excerpt":{"rendered":"<p>Einf\u00fchrung Willkommen bei Newlong Holland B.V., Ihrem One-Stop-Shop f\u00fcr Industrien\u00e4hmaschinen, Sackverschlie\u00dfmaschinen, Verpackungsmaschinen und Maschinen f\u00fcr die Herstellung von Papiers\u00e4cken. Diese allgemeinen Bedingungen gelten f\u00fcr alle Transaktionen und Interaktionen, die Sie mit uns haben, ob online oder offline. Definitionen Unternehmen: Newlong Holland B.V. Kunde: Jede nat\u00fcrliche oder juristische Person, die Waren und Dienstleistungen von der Gesellschaft [&hellip;]<\/p>\n","protected":false},"author":1,"featured_media":0,"parent":0,"menu_order":0,"comment_status":"closed","ping_status":"closed","template":"","meta":{"footnotes":""},"class_list":["post-1369","page","type-page","status-publish","hentry"],"_links":{"self":[{"href":"https:\/\/www.newlong.nl\/de\/wp-json\/wp\/v2\/pages\/1369","targetHints":{"allow":["GET"]}}],"collection":[{"href":"https:\/\/www.newlong.nl\/de\/wp-json\/wp\/v2\/pages"}],"about":[{"href":"https:\/\/www.newlong.nl\/de\/wp-json\/wp\/v2\/types\/page"}],"author":[{"embeddable":true,"href":"https:\/\/www.newlong.nl\/de\/wp-json\/wp\/v2\/users\/1"}],"replies":[{"embeddable":true,"href":"https:\/\/www.newlong.nl\/de\/wp-json\/wp\/v2\/comments?post=1369"}],"version-history":[{"count":0,"href":"https:\/\/www.newlong.nl\/de\/wp-json\/wp\/v2\/pages\/1369\/revisions"}],"wp:attachment":[{"href":"https:\/\/www.newlong.nl\/de\/wp-json\/wp\/v2\/media?parent=1369"}],"curies":[{"name":"wp","href":"https:\/\/api.w.org\/{rel}","templated":true}]}}